{"id":1441,"date":"2017-06-16T12:19:49","date_gmt":"2017-06-16T12:19:49","guid":{"rendered":"http:\/\/www.encontracambuci.com.br\/noticias\/?page_id=1441"},"modified":"2025-10-03T10:30:19","modified_gmt":"2025-10-03T13:30:19","slug":"sobre-o-cambuci","status":"publish","type":"page","link":"https:\/\/www.encontracambuci.com.br\/sobre\/","title":{"rendered":"Sobre o Cambuci"},"content":{"rendered":"<div class=\"8b0563efa0ad82100d298ba2796cd14a\" data-index=\"1\" style=\"float: none; margin:0px;\">\n<!-- Anuncio display - global -->\r\n<ins class=\"adsbygoogle\"\r\n     style=\"display:block\"\r\n     data-ad-client=\"ca-pub-8585364105181520\"\r\n     data-ad-slot=\"8789329856\"\r\n     data-ad-format=\"auto\"\r\n     data-full-width-responsive=\"true\"><\/ins>\r\n<script>\r\n     (adsbygoogle = window.adsbygoogle || []).push({});\r\n<\/script>\n<\/div>\n<p><img loading=\"lazy\" decoding=\"async\" width=\"565\" height=\"198\" class=\"alignnone wp-image-1442 size-full\" style=\"width: 100%; height: auto;\" src=\"http:\/\/www.encontracambuci.com.br\/noticias\/wp-content\/uploads\/bairro-cambuci.jpg\" alt=\"\" srcset=\"https:\/\/www.encontracambuci.com.br\/sobre\/wp-content\/uploads\/bairro-cambuci.jpg 565w, https:\/\/www.encontracambuci.com.br\/sobre\/wp-content\/uploads\/bairro-cambuci-300x105.jpg 300w\" sizes=\"auto, (max-width: 565px) 100vw, 565px\" \/><\/p>\n<p><a href=\"\/\">Cambuci<\/a> ( em Tupi &#8220;pote&#8221;; tipo de \u00e1rvore) \u00e9 um distrito situado na regi\u00e3o central da cidade de S\u00e3o Paulo. Trata-se de um distrito predominantemente residencial da capital, com alguns pontos de forte concentra\u00e7\u00e3o comercial e de servi\u00e7os, especialmente, nos arredores do Largo do <a href=\"\/\">Cambuci<\/a>, das ruas do Lavap\u00e9s e da Independ\u00eancia e na Avenida Lins de Vasconcelos.<\/p>\n<p>Esse distrito (e tamb\u00e9m o bairro) t\u00eam esse nome devido \u00e0 fruta hom\u00f4nima, um componente da Mata Atl\u00e2ntica, cobertura vegetal original da regi\u00e3o.<\/p>\n<p>O distrito \u00e9 atendido pela Linha 10 da CPTM (Esta\u00e7\u00e3o <a href=\"http:\/\/www.encontramooca.com.br\/\" target=\"_blank\" rel=\"noopener noreferrer\">Mooca<\/a>) e pelo Expresso Tiradentes da SPTrans.<\/p>\n<h3>Forma\u00e7\u00e3o<\/h3>\n<p>De forma\u00e7\u00e3o antiga, o <a href=\"\/\">Bairro Cambuci<\/a> foi entrada da cidade para quem subia a serra e passava pelo C\u00f3rrego do Lavap\u00e9s, que tem este nome justamente por ser, na \u00e9poca, onde se lavava os p\u00e9s e se descansava por algum tempo dando comida e \u00e1gua aos animais de carga, antes de entrar na cidade propriamente dita.<\/p>\n<p>Atualmente \u00e9 um distrito predominantemente de classe m\u00e9dia, com predomin\u00e2ncia de \u00e1reas residenciais e ainda algumas regi\u00f5es fisicamente degradadas, com predomin\u00e2ncia de moradores de baixa renda, como nas proximidades da Avenida do Estado e da Linha 10 da CPTM.<\/p>\n<p>O bairro se tornou foco das incorporadoras e construtoras no boom imobili\u00e1rio paulista, por ser pr\u00f3ximo ao centro e ainda apresentar um custo de terreno vi\u00e1vel (aproximadamente R$1300\/m\u00b2), possibilitou diversos lan\u00e7amentos de apartamento de classe m\u00e9dia de 50 a 150 m\u00b2.<\/p>\n<p>Para homenagear a comunidade de moradores deste maravilho bairro, o <a href=\"https:\/\/www.encontrasaopaulo.com.br\/\" target=\"_blank\" rel=\"noopener noreferrer\">Encontra S\u00e3o Paulo<\/a> criou o <a href=\"http:\/\/www.encontracambuci.com.br\">Encontra Cambuci<\/a> na cidade de S\u00e3o Paulo.<\/p>\n<h2>Limites &#8211; Bairros Vizinhos &#8211; <a href=\"https:\/\/www.centrodesp.com.br\/\" target=\"_blank\" rel=\"noopener noreferrer\">Centro<\/a><\/h2>\n<p><a title=\"Bairro Liberdade\" href=\"https:\/\/liberdade.encontrasp.com.br\/\" target=\"_blank\" rel=\"noopener noreferrer\">Liberdade<\/a>, <a title=\"Bairro Cambuci\" href=\"http:\/\/www.encontracambuci.com.br\/\" target=\"_blank\" rel=\"noopener noreferrer\">Cambuci<\/a>, Ch\u00e1cara Klabin, Vila Monumento, Parque da <a title=\"Mooca\" href=\"http:\/\/www.encontramooca.com.br\/\" target=\"_blank\" rel=\"noopener noreferrer\">Mooca<\/a>, Glic\u00e9rio<\/p>\n<h3>Dados Principais sobre o Cambuci<\/h3>\n<p><strong>Popula\u00e7\u00e3o<\/strong> 29.811 hab. (2010)<br \/>\n<strong>Renda m\u00e9dia<\/strong> R$ 1.604,97<br \/>\n<strong>IDH<\/strong> 0,903 &#8211; elevado<br \/>\n<strong>Subprefeitura<\/strong> S\u00e9<br \/>\n<strong>Regi\u00e3o Administrativa<\/strong> Centro<br \/>\n<strong>\u00c1rea Geogr\u00e1fica<\/strong> Centro Expandido<\/p>\n<h2>Moradores ilustres do Cambuci<\/h2>\n<p><iframe loading=\"lazy\" style=\"border: none; overflow: hidden; width: 100%; height: 252px;\" src=\"http:\/\/www.facebook.com\/plugins\/likebox.php?href=http%3A%2F%2Fwww.facebook.com%2Fcambuci&amp;width=520&amp;colorscheme=light&amp;show_faces=true&amp;stream=false&amp;header=false&amp;height=252\" width=\"300\" height=\"150\" frameborder=\"0\" scrolling=\"No\"><\/iframe><\/p>\n\n<div style=\"font-size: 0px; height: 0px; line-height: 0px; margin: 0; padding: 0; clear: both;\"><\/div>","protected":false},"excerpt":{"rendered":"<p>Cambuci ( em Tupi &#8220;pote&#8221;; tipo de \u00e1rvore) \u00e9 um distrito situado na regi\u00e3o central da cidade de S\u00e3o Paulo. Trata-se de um distrito predominantemente residencial da capital, com alguns pontos de forte concentra\u00e7\u00e3o comercial e de servi\u00e7os, especialmente, nos arredores do Largo do Cambuci, das ruas do Lavap\u00e9s e da Independ\u00eancia e na Avenida Lins de Vasconcelos. Esse distrito (e tamb\u00e9m o bairro) t\u00eam esse nome devido \u00e0 fruta hom\u00f4nima, um componente da Mata Atl\u00e2ntica, cobertura vegetal original da regi\u00e3o. O distrito \u00e9 atendido pela Linha 10 da CPTM (Esta\u00e7\u00e3o Mooca) e pelo Expresso Tiradentes da SPTrans. Forma\u00e7\u00e3o De <\/p>\n","protected":false},"author":1,"featured_media":0,"parent":0,"menu_order":0,"comment_status":"closed","ping_status":"closed","template":"","meta":{"footnotes":""},"class_list":["post-1441","page","type-page","status-publish","hentry"],"aioseo_notices":[],"_links":{"self":[{"href":"https:\/\/www.encontracambuci.com.br\/sobre\/wp-json\/wp\/v2\/pages\/1441","targetHints":{"allow":["GET"]}}],"collection":[{"href":"https:\/\/www.encontracambuci.com.br\/sobre\/wp-json\/wp\/v2\/pages"}],"about":[{"href":"https:\/\/www.encontracambuci.com.br\/sobre\/wp-json\/wp\/v2\/types\/page"}],"author":[{"embeddable":true,"href":"https:\/\/www.encontracambuci.com.br\/sobre\/wp-json\/wp\/v2\/users\/1"}],"replies":[{"embeddable":true,"href":"https:\/\/www.encontracambuci.com.br\/sobre\/wp-json\/wp\/v2\/comments?post=1441"}],"version-history":[{"count":0,"href":"https:\/\/www.encontracambuci.com.br\/sobre\/wp-json\/wp\/v2\/pages\/1441\/revisions"}],"wp:attachment":[{"href":"https:\/\/www.encontracambuci.com.br\/sobre\/wp-json\/wp\/v2\/media?parent=1441"}],"curies":[{"name":"wp","href":"https:\/\/api.w.org\/{rel}","templated":true}]}}